{"id":51349,"date":"2024-03-12T10:53:57","date_gmt":"2024-03-12T09:53:57","guid":{"rendered":"https:\/\/www.ecom.de\/ecom-xre-auslesekopf\/"},"modified":"2025-07-29T06:36:11","modified_gmt":"2025-07-29T05:36:11","slug":"ecom-xre-auslesekopf","status":"publish","type":"page","link":"https:\/\/www.ecom.de\/at\/ecom-xre-auslesekopf\/","title":{"rendered":"St\u00f6rungsdiagnose"},"content":{"rendered":"<div class=\"wpb-content-wrapper\"><p>[vc_row el_class=&#8220;vc-text-large vc-spacing&#8220;][vc_column width=&#8220;1\/2&#8243;][vc_column_text css=&#8220;&#8220;]<\/p>\n<h2>Die schlaue L\u00f6sung<\/h2>\n<h3 style=\"text-align: left;\">ecom-xRE &#8211; Auslesekopf f\u00fcr digitale Feuerungsautomaten<\/h3>\n<p>&nbsp;<\/p>\n<h3><span style=\"color: #80bc00;\">\u2714 Verl\u00e4sslich<\/span><\/h3>\n<p>Dank einer Vielzahl an Auslesedaten sowie automatischer Erkennung des Feuerungsautomaten<\/p>\n<h3><span style=\"color: #80bc00;\">\u2714 Effizient<\/span><\/h3>\n<p>Dank schneller Identifizierung der Fehlerursache uns gezielter Instandsetzung<\/p>\n<h3><span style=\"color: #80bc00;\">\u2714 Komfortabel<\/span><\/h3>\n<p>Dank beleuchtetem, gut lesbarem Display[\/vc_column_text][\/vc_column][vc_column width=&#8220;1\/2&#8243;][vc_single_image image=&#8220;51333&#8243; img_size=&#8220;large&#8220; alignment=&#8220;center&#8220;][\/vc_column][\/vc_row][vc_row full_width=&#8220;stretch_row_content&#8220;][vc_column][vc_separator][\/vc_column][\/vc_row][vc_row][vc_column][vc_column_text css=&#8220;&#8220;]<\/p>\n<h3>Auslesen von Betriebszust\u00e4nden und Fehlern an digitalen Feuerungsautomaten<\/h3>\n<p>&nbsp;<\/p>\n<h5 style=\"text-align: left;\">Jeder kennt es, Brennerausfall &#8211; und nun? Wo f\u00e4ngt man an und wo h\u00f6rt man auf zu suchen?<\/h5>\n<h5 style=\"text-align: left;\">Fehlerdiagnose an digitalen Feuerungsautomaten sind mit dem ecom- Auslesekopf kein Problem.<\/h5>\n<h5 style=\"text-align: left;\">Wichtige Informationen werden vom Brenner in Form von Blink-Codes am Entst\u00f6rknopf angezeigt und k\u00f6nnen mit dem <strong><span style=\"color: #004f8c;\">ecom-xRE <\/span><\/strong> ausgelesen werden.<\/h5>\n<h5 style=\"text-align: left;\">Zudem kann der Auslesekopf mit einem ecom-Abgasanalyseger\u00e4t, sowie der e.CLOUD <sup>by ecom<\/sup> verbunden werden.<\/h5>\n<p>&nbsp;<\/p>\n<p><i class=\"fa fa-file-pdf-o\"><\/i> <a href=\"https:\/\/www.ecom.de\/wp-content\/uploads\/2025\/02\/2024_2-Seiter_ecom-xRE.pdf\" target=\"_blank\" rel=\"noopener\"><strong>ecom-xRE Flyer<\/strong><\/a>[\/vc_column_text][\/vc_column][\/vc_row][vc_row][vc_column][vc_empty_space height=&#8220;50&#8243;][\/vc_column][\/vc_row][vc_row][vc_column width=&#8220;1\/4&#8243;][vc_single_image image=&#8220;4632&#8243; img_size=&#8220;medium&#8220;][vc_column_text]Automatische Erkennung des Feuerungsautomatentypes.[\/vc_column_text][\/vc_column][vc_column width=&#8220;1\/4&#8243;][vc_single_image image=&#8220;4629&#8243; img_size=&#8220;medium&#8220;][vc_column_text]Anzeige der Betriebszust\u00e4nde des Brenners.[\/vc_column_text][\/vc_column][vc_column width=&#8220;1\/4&#8243;][vc_single_image image=&#8220;897&#8243; img_size=&#8220;medium&#8220;][vc_column_text]Messung des Flammsignals und Vergleich mit dem Minimalwert.[\/vc_column_text][\/vc_column][vc_column width=&#8220;1\/4&#8243;][vc_single_image image=&#8220;898&#8243; img_size=&#8220;medium&#8220;][vc_column_text]Pr\u00fcfung auf Verz\u00f6gerung der Flammbildung.[\/vc_column_text][\/vc_column][\/vc_row][vc_row][vc_column width=&#8220;1\/4&#8243;][vc_single_image image=&#8220;899&#8243; img_size=&#8220;medium&#8220;][vc_column_text]Anzeige aktueller Fehler.[\/vc_column_text][\/vc_column][vc_column width=&#8220;1\/4&#8243;][vc_single_image image=&#8220;901&#8243; img_size=&#8220;medium&#8220;][vc_column_text]Anzeige vergangener St\u00f6rungen samt H\u00e4ufigkeit.[\/vc_column_text][\/vc_column][vc_column width=&#8220;1\/4&#8243;][vc_single_image image=&#8220;903&#8243; img_size=&#8220;medium&#8220;][vc_column_text]Ermittlung der Brennerstartanzahl.[\/vc_column_text][\/vc_column][vc_column width=&#8220;1\/4&#8243;][vc_single_image image=&#8220;904&#8243; img_size=&#8220;medium&#8220;][vc_column_text]Wiedergabe aller relevanten Steuerungszeiten.[\/vc_column_text][\/vc_column][\/vc_row][vc_row][vc_column][vc_empty_space height=&#8220;50&#8243;][vc_column_text css=&#8220;&#8220;]<\/p>\n<h4 style=\"text-align: left;\"><span style=\"color: #80bc00;\">\u2714 <\/span>kabellose e.CLOUD Konnektivit\u00e4t vorbereitet, sowie Messger\u00e4teanbindung per Kabel m\u00f6glich<\/h4>\n<h4><\/h4>\n<p>&nbsp;<\/p>\n<h4 style=\"text-align: left;\"><span style=\"color: #80bc00;\">\u2714 <\/span>auch als Standalone-L\u00f6sung nutzbar, dank integriertem Display<\/h4>\n<p>&nbsp;<\/p>\n<h4><\/h4>\n<h4 style=\"text-align: left;\"><span style=\"color: #80bc00;\">\u2714 <\/span>geeignet f\u00fcr<\/h4>\n<ul>\n<li style=\"list-style-type: none;\">\n<ul>\n<li>Honeywell-Satronic (DKG, DKO, DKW, DMO, DMG, DLG, DVI, DIO, SH, SG inkl. der N Version )<\/li>\n<li>Siemens-Landis &amp; Staefa (LMG, LMO)<\/li>\n<\/ul>\n<\/li>\n<\/ul>\n<p>[\/vc_column_text][\/vc_column][\/vc_row]<\/p>\n<\/div>","protected":false},"excerpt":{"rendered":"<p>[vc_row el_class=&#8220;vc-text-large vc-spacing&#8220;][vc_column width=&#8220;1\/2&#8243;][vc_column_text css=&#8220;&#8220;] Die schlaue L\u00f6sung ecom-xRE &#8211; Auslesekopf f\u00fcr digitale Feuerungsautomaten &nbsp; \u2714 Verl\u00e4sslich Dank einer Vielzahl an Auslesedaten sowie automatischer Erkennung des Feuerungsautomaten \u2714 Effizient Dank schneller Identifizierung der Fehlerursache uns gezielter Instandsetzung \u2714 Komfortabel Dank beleuchtetem, gut lesbarem Display[\/vc_column_text][\/vc_column][vc_column width=&#8220;1\/2&#8243;][vc_single_image image=&#8220;51333&#8243; img_size=&#8220;large&#8220; alignment=&#8220;center&#8220;][\/vc_column][\/vc_row][vc_row full_width=&#8220;stretch_row_content&#8220;][vc_column][vc_separator][\/vc_column][\/vc_row][vc_row][vc_column][vc_column_text css=&#8220;&#8220;] Auslesen von Betriebszust\u00e4nden und Fehlern [&hellip;]<\/p>\n","protected":false},"author":11,"featured_media":0,"parent":0,"menu_order":0,"comment_status":"closed","ping_status":"closed","template":"page-templates\/Inhaltsseite.php","meta":{"_acf_changed":false,"footnotes":""},"class_list":["post-51349","page","type-page","status-publish","hentry"],"acf":[],"_links":{"self":[{"href":"https:\/\/www.ecom.de\/at\/wp-json\/wp\/v2\/pages\/51349","targetHints":{"allow":["GET"]}}],"collection":[{"href":"https:\/\/www.ecom.de\/at\/wp-json\/wp\/v2\/pages"}],"about":[{"href":"https:\/\/www.ecom.de\/at\/wp-json\/wp\/v2\/types\/page"}],"author":[{"embeddable":true,"href":"https:\/\/www.ecom.de\/at\/wp-json\/wp\/v2\/users\/11"}],"replies":[{"embeddable":true,"href":"https:\/\/www.ecom.de\/at\/wp-json\/wp\/v2\/comments?post=51349"}],"version-history":[{"count":11,"href":"https:\/\/www.ecom.de\/at\/wp-json\/wp\/v2\/pages\/51349\/revisions"}],"predecessor-version":[{"id":63182,"href":"https:\/\/www.ecom.de\/at\/wp-json\/wp\/v2\/pages\/51349\/revisions\/63182"}],"wp:attachment":[{"href":"https:\/\/www.ecom.de\/at\/wp-json\/wp\/v2\/media?parent=51349"}],"curies":[{"name":"wp","href":"https:\/\/api.w.org\/{rel}","templated":true}]}}