{"id":35833,"date":"2022-02-02T14:29:47","date_gmt":"2022-02-02T14:29:47","guid":{"rendered":"https:\/\/ecom.de\/weitere-messtechnik-copy\/"},"modified":"2024-04-03T08:00:45","modified_gmt":"2024-04-03T07:00:45","slug":"altre-tecniche-di-misurazione","status":"publish","type":"page","link":"https:\/\/www.ecom.de\/it\/altre-tecniche-di-misurazione\/","title":{"rendered":"Altre Tecniche di Misurazione"},"content":{"rendered":"<div class=\"wpb-content-wrapper\"><p>[vc_row el_class=&#8221;vc-text-large vc-centered&#8221;][vc_column width=&#8221;2\/3&#8243;][vc_column_text]<\/p>\n<h1 style=\"text-align: left;\">ESTREMAMENTE SICURO<\/h1>\n<h3 style=\"text-align: left;\">Rilevatore di gas singolo esente da manutenzione<\/h3>\n<p>&nbsp;<\/p>\n<ul>\n<li style=\"text-align: left;\">24 mesi senza manutenzione: nessun sensore e nessuna sostituzione della batteria richiesta<\/li>\n<li style=\"text-align: left;\">Design compatto e leggero con funzionamento con un solo pulsante<\/li>\n<li style=\"text-align: left;\">Progettato per ambienti difficili e temperature estreme<\/li>\n<li style=\"text-align: left;\">Compatibile con iOS e Android<\/li>\n<li style=\"text-align: left;\">Display LC con illiminazione<\/li>\n<li style=\"text-align: left;\">Facile da usare<\/li>\n<\/ul>\n<p>[\/vc_column_text][vc_separator][\/vc_column][vc_column width=&#8221;1\/3&#8243;][vc_row_inner][vc_column_inner][\/vc_column_inner][\/vc_row_inner][vc_row_inner][vc_column_inner][\/vc_column_inner][\/vc_row_inner][vc_single_image image=&#8221;35745&#8243; img_size=&#8221;medium&#8221; alignment=&#8221;center&#8221;][\/vc_column][\/vc_row][vc_row][vc_column width=&#8221;1\/2&#8243;][vc_column_text]<strong>Il modo pi\u00f9 semplice, affidabile ed economico per garantire sicurezza, conformit\u00e0 e produttivit\u00e0.<\/strong><\/p>\n<p>Segnalatore gas singolo BW Clip \u00e8 il tuo compagno quotidiano per ambienti pericolosi. Pu\u00f2 funzionare senza manutenzione per un massimo di tre anni:<\/p>\n<p>Basta accendere il dispositivo e funziona continuamente. Non \u00e8 richiesta alcuna calibrazione, sostituzione del sensore, sostituzione della batteria o ricarica della batteria. Ci\u00f2 significa maggiore flessibilit\u00e0 e nessun tempo di fermo.<\/p>\n<p>La clip BW di due anni per H2S o CO consente di riporre il dispositivo nell&#8217;apposita custodia quando non \u00e8 in uso, prolungandone la durata di quel periodo.<\/p>\n<p>Compatibile con MicroDock II e il sistema di gestione degli strumenti IntelliDoX, BW Clip \u00e8 stato progettato secondo i pi\u00f9 elevati standard di qualit\u00e0 e affidabilit\u00e0.[\/vc_column_text][\/vc_column][vc_column width=&#8221;1\/2&#8243;][vc_column_text]<strong>Caratteristiche standard<\/strong><\/p>\n<ul>\n<li class=\"line-height-150 cke-line-height\">Modalit\u00e0 ibernazione con custodia o IntelliDoX<\/li>\n<li class=\"line-height-150 cke-line-height\">Autotest automatico di batteria, sensore ed elettronica<\/li>\n<li class=\"line-height-150 cke-line-height\">Flash grandangolare che emette un allarme simultaneo con un segnale acustico e un avviso a vibrazione<\/li>\n<li class=\"line-height-150 cke-line-height\">Registrazione automatica dei 35 eventi gas pi\u00f9 recenti e dei risultati del bump test<\/li>\n<li class=\"line-height-150 cke-line-height\">Compatibile con il software MicroDock II e Fleet Manager II<\/li>\n<li class=\"line-height-150 cke-line-height\">Conveniente, con bassi costi di acquisizione e di gestione<\/li>\n<\/ul>\n<p>[\/vc_column_text][vc_column_text]<strong>Opzioni configurabili<\/strong><\/p>\n<ul>\n<li class=\"line-height-150 cke-line-height\">Configurare le impostazioni di allarme alto e basso prima di attivare il dispositivo<\/li>\n<li class=\"line-height-150 cke-line-height\">Regolare le\u00a0 impostazioni di allarme e altri parametri secondo necessit\u00e0 per tutta la durata<\/li>\n<li class=\"line-height-150 cke-line-height\">Opzione per consentire all&#8217;indicatore di non conformit\u00e0 di lampeggiare in rosso quando \u00e8 previsto un bump test o si verifica un evento gas<\/li>\n<li class=\"line-height-150 cke-line-height\">Possibilit\u00e0 di visualizzare la lettura del gas durante l&#8217;allarme<\/li>\n<li class=\"line-height-150 cke-line-height\">Promemoria del bump test definibile dall&#8217;utente<\/li>\n<li class=\"line-height-150 cke-line-height\">Possibilit\u00e0 di visualizzare l&#8217;orologio in tempo reale<\/li>\n<\/ul>\n<p>[\/vc_column_text][\/vc_column][\/vc_row][vc_row][vc_column][vc_separator][\/vc_column][\/vc_row][vc_row][vc_column width=&#8221;1\/4&#8243;][vc_column_text]<\/p>\n<h3><strong>BW Clip O<sub>2<\/sub><\/strong><\/h3>\n<p>&nbsp;<\/p>\n<ul>\n<li><strong>Campo di misura:<\/strong>\n<ul>\n<li>0 &#8211; 25 %<\/li>\n<\/ul>\n<\/li>\n<li><strong>Livello di allerta inferiore:<\/strong>\n<ul>\n<li>19,5 %<\/li>\n<\/ul>\n<\/li>\n<li><strong>Livello di allerta superiore:<\/strong>\n<ul>\n<li>0 &#8211; 25 %<\/li>\n<\/ul>\n<\/li>\n<\/ul>\n<p>[\/vc_column_text][\/vc_column][vc_column width=&#8221;1\/4&#8243;][vc_column_text]<\/p>\n<h3><strong>BW Clip CO 30\/60<\/strong><\/h3>\n<p>&nbsp;<\/p>\n<ul>\n<li><strong>Campo di misura:<\/strong>\n<ul>\n<li>0 &#8211; 300 ppm<\/li>\n<\/ul>\n<\/li>\n<li><strong>Livello di allerta inferiore:<\/strong>\n<ul>\n<li>30 ppm<\/li>\n<\/ul>\n<\/li>\n<li><strong>Livello di allerta superiore:<\/strong>\n<ul>\n<li>60 ppm<\/li>\n<\/ul>\n<\/li>\n<\/ul>\n<p>[\/vc_column_text][\/vc_column][vc_column width=&#8221;1\/4&#8243;][vc_column_text]<\/p>\n<h3><strong>BW Clip 30\/150<\/strong><\/h3>\n<p>&nbsp;<\/p>\n<ul>\n<li><strong>Campo di misura:<\/strong>\n<ul>\n<li>0 &#8211; 300 ppm<\/li>\n<\/ul>\n<\/li>\n<li><strong>Livello di allerta inferiore:<\/strong>\n<ul>\n<li>30 ppm<\/li>\n<\/ul>\n<\/li>\n<li><strong>Livello di allerta superiore:<\/strong>\n<ul>\n<li>150 ppm<\/li>\n<\/ul>\n<\/li>\n<\/ul>\n<p>[\/vc_column_text][\/vc_column][vc_column width=&#8221;1\/4&#8243;][vc_column_text]<\/p>\n<h3><strong>BW Clip 30\/200<\/strong><\/h3>\n<p>&nbsp;<\/p>\n<ul>\n<li><strong>Campo di misura:<\/strong>\n<ul>\n<li>0 &#8211; 300 ppm<\/li>\n<\/ul>\n<\/li>\n<li><strong>Livello di allerta inferiore:<\/strong>\n<ul>\n<li>30 ppm<\/li>\n<\/ul>\n<\/li>\n<li><strong>Livello di allerta superiore:<\/strong>\n<ul>\n<li>200 ppm<\/li>\n<\/ul>\n<\/li>\n<\/ul>\n<p>[\/vc_column_text][\/vc_column][\/vc_row]<\/p>\n<\/div>","protected":false},"excerpt":{"rendered":"<p>[vc_row el_class=&#8221;vc-text-large vc-centered&#8221;][vc_column width=&#8221;2\/3&#8243;][vc_column_text] ESTREMAMENTE SICURO Rilevatore di gas singolo esente da manutenzione &nbsp; 24 mesi senza manutenzione: nessun sensore e nessuna sostituzione della batteria richiesta Design compatto e leggero con funzionamento con un solo pulsante Progettato per ambienti difficili e temperature estreme Compatibile con iOS e Android Display LC con illiminazione Facile da usare [&hellip;]<\/p>\n","protected":false},"author":11,"featured_media":0,"parent":0,"menu_order":0,"comment_status":"closed","ping_status":"closed","template":"page-templates\/Inhaltsseite.php","meta":{"_acf_changed":false,"footnotes":""},"class_list":["post-35833","page","type-page","status-publish","hentry"],"acf":[],"_links":{"self":[{"href":"https:\/\/www.ecom.de\/it\/wp-json\/wp\/v2\/pages\/35833","targetHints":{"allow":["GET"]}}],"collection":[{"href":"https:\/\/www.ecom.de\/it\/wp-json\/wp\/v2\/pages"}],"about":[{"href":"https:\/\/www.ecom.de\/it\/wp-json\/wp\/v2\/types\/page"}],"author":[{"embeddable":true,"href":"https:\/\/www.ecom.de\/it\/wp-json\/wp\/v2\/users\/11"}],"replies":[{"embeddable":true,"href":"https:\/\/www.ecom.de\/it\/wp-json\/wp\/v2\/comments?post=35833"}],"version-history":[{"count":5,"href":"https:\/\/www.ecom.de\/it\/wp-json\/wp\/v2\/pages\/35833\/revisions"}],"predecessor-version":[{"id":35857,"href":"https:\/\/www.ecom.de\/it\/wp-json\/wp\/v2\/pages\/35833\/revisions\/35857"}],"wp:attachment":[{"href":"https:\/\/www.ecom.de\/it\/wp-json\/wp\/v2\/media?parent=35833"}],"curies":[{"name":"wp","href":"https:\/\/api.w.org\/{rel}","templated":true}]}}