{"id":3815,"date":"2017-03-24T11:01:41","date_gmt":"2017-03-24T11:01:41","guid":{"rendered":"http:\/\/www.ecom.de\/ecommitment\/"},"modified":"2024-09-09T13:50:57","modified_gmt":"2024-09-09T12:50:57","slug":"ecommitment","status":"publish","type":"page","link":"https:\/\/www.ecom.de\/it\/ecommitment\/","title":{"rendered":"ecomMITMENT"},"content":{"rendered":"<div class=\"wpb-content-wrapper\"><p>[vc_row el_class=&#8221;vc-centered vc-text-large&#8221;][vc_column][vc_column_text]<\/p>\n<h1>Engagement sociale<\/h1>\n<p>[\/vc_column_text][vc_column_text]&#8221;Produciamo qualit\u00e0 di vita&#8221;: fedeli al nostro slogan aziendale, vediamo la nostra responsabilit\u00e0 non solo nei nostri prodotti, dipendenti e clienti, ma anche nel nostro contributo al raggiungimento degli obiettivi climatici. In quanto azienda familiare di medie dimensioni, vediamo anche la nostra responsabilit\u00e0 &#8211; il nostro ecomMITMENT &#8211; nella nostra societ\u00e0 e nel nostro Paese.<\/p>\n<p>Oltre alle scuole, alle associazioni e alle organizzazioni locali e ai progetti di aiuto internazionale, ecom sostiene da molti anni due progetti in particolare che ci stanno molto a cuore per via dei nostri legami personali. Questi due progetti sono stati deliberatamente selezionati per garantire che il denaro donato vada direttamente alle persone colpite dal pi\u00f9 alto livello di impegno volontario.[\/vc_column_text][\/vc_column][\/vc_row][vc_row][vc_column][vc_single_image image=&#8221;1791&#8243; img_size=&#8221;1060&#215;620&#8243; alignment=&#8221;center&#8221;][\/vc_column][\/vc_row][vc_row el_class=&#8221;vc-centered vc-text-large&#8221;][vc_column][vc_column_text]<\/p>\n<h2>Gli spazzacamini aiutano bambini malati di cancro<\/h2>\n<p>[\/vc_column_text][vc_column_text css=&#8221;&#8221;]L\u00b4associazione\u00a0<a href=\"https:\/\/www.schornsteinfeger-helfen.de\/index.html\" target=\"_blank\" rel=\"noopener\">\u201eKaminkehrer helfen krebskranken Kindern e. V.\u201c<\/a> si \u00e8 posta l&#8217;obiettivo di sostenere la ricerca di nuovi farmaci contro il cancro. Inoltre, i bambini colpiti e le loro famiglie ricevono un sostegno intensivo. Da anni ecom GmbH sostiene il lavoro volontario di molti spazzacamini di questa organizzazione con ingenti donazioni. Una volta all&#8217;anno, l&#8217;associazione attira l&#8217;attenzione su di s\u00e9 con un tour ciclistico sportivo, il cosiddetto &#8220;Gl\u00fcckstour&#8221;. Quasi ogni anno, il Gl\u00fcckstour passa anche da Iserlohn per raccogliere donazioni e consegnarle direttamente alle organizzazioni umanitarie locali. (<a href=\"http:\/\/www.gl\u00fcckstour.de\" target=\"_blank\" rel=\"noopener\">www.gl\u00fcckstour.de<\/a>)[\/vc_column_text][\/vc_column][\/vc_row][vc_row css=&#8221;.vc_custom_1457435164212{padding-top: 50px !important;padding-right: 10px !important;padding-bottom: 50px !important;padding-left: 10px !important;}&#8221; el_class=&#8221;vc-centered vc-text-large&#8221;][vc_column][vc_column_text]<\/p>\n<h4>Sponsoring<\/h4>\n<p>[\/vc_column_text][vc_column_text]Come azienda di Iserlohn che ama lo sport, sosteniamo i club piccoli e grandi della nostra regione. Nello sport come negli affari, passione, divertimento, ambizione, duro lavoro, sostenibilit\u00e0, motivazione e spirito di squadra sono importanti fattori di successo.\u00a0Il nostro cuore batte per:[\/vc_column_text][\/vc_column][\/vc_row][vc_row el_class=&#8221;vc-centered vc-text-large&#8221;][vc_column width=&#8221;1\/3&#8243;][vc_single_image image=&#8221;768&#8243; img_size=&#8221;120&#215;120&#8243; alignment=&#8221;center&#8221; onclick=&#8221;custom_link&#8221; img_link_target=&#8221;_blank&#8221; css=&#8221;&#8221; link=&#8221;https:\/\/iserlohn-roosters.de\/&#8221;][\/vc_column][vc_column width=&#8221;1\/3&#8243;][vc_single_image image=&#8221;1787&#8243; img_size=&#8221;120&#215;120&#8243; alignment=&#8221;center&#8221; onclick=&#8221;custom_link&#8221; img_link_target=&#8221;_blank&#8221; link=&#8221;https:\/\/iserlohn-kangaroos.de&#8221;][\/vc_column][vc_column width=&#8221;1\/3&#8243;][vc_single_image image=&#8221;769&#8243; img_size=&#8221;120&#215;120&#8243; alignment=&#8221;center&#8221; onclick=&#8221;custom_link&#8221; img_link_target=&#8221;_blank&#8221; link=&#8221;https:\/\/www.sportfreunde-suemmern.de&#8221;][\/vc_column][\/vc_row]<\/p>\n<\/div>","protected":false},"excerpt":{"rendered":"<p>[vc_row el_class=&#8221;vc-centered vc-text-large&#8221;][vc_column][vc_column_text] Engagement sociale [\/vc_column_text][vc_column_text]&#8221;Produciamo qualit\u00e0 di vita&#8221;: fedeli al nostro slogan aziendale, vediamo la nostra responsabilit\u00e0 non solo nei nostri prodotti, dipendenti e clienti, ma anche nel nostro contributo al raggiungimento degli obiettivi climatici. In quanto azienda familiare di medie dimensioni, vediamo anche la nostra responsabilit\u00e0 &#8211; il nostro ecomMITMENT &#8211; nella nostra [&hellip;]<\/p>\n","protected":false},"author":11,"featured_media":0,"parent":0,"menu_order":0,"comment_status":"closed","ping_status":"closed","template":"","meta":{"_acf_changed":false,"footnotes":""},"class_list":["post-3815","page","type-page","status-publish","hentry"],"acf":[],"_links":{"self":[{"href":"https:\/\/www.ecom.de\/it\/wp-json\/wp\/v2\/pages\/3815","targetHints":{"allow":["GET"]}}],"collection":[{"href":"https:\/\/www.ecom.de\/it\/wp-json\/wp\/v2\/pages"}],"about":[{"href":"https:\/\/www.ecom.de\/it\/wp-json\/wp\/v2\/types\/page"}],"author":[{"embeddable":true,"href":"https:\/\/www.ecom.de\/it\/wp-json\/wp\/v2\/users\/11"}],"replies":[{"embeddable":true,"href":"https:\/\/www.ecom.de\/it\/wp-json\/wp\/v2\/comments?post=3815"}],"version-history":[{"count":7,"href":"https:\/\/www.ecom.de\/it\/wp-json\/wp\/v2\/pages\/3815\/revisions"}],"predecessor-version":[{"id":54950,"href":"https:\/\/www.ecom.de\/it\/wp-json\/wp\/v2\/pages\/3815\/revisions\/54950"}],"wp:attachment":[{"href":"https:\/\/www.ecom.de\/it\/wp-json\/wp\/v2\/media?parent=3815"}],"curies":[{"name":"wp","href":"https:\/\/api.w.org\/{rel}","templated":true}]}}