{"id":3822,"date":"2016-08-08T12:53:57","date_gmt":"2016-08-08T12:53:57","guid":{"rendered":"http:\/\/www.ecom.de\/wissen\/extrem-vorteilhaft\/"},"modified":"2024-10-25T15:21:20","modified_gmt":"2024-10-25T14:21:20","slug":"extrem-vorteilhaft","status":"publish","type":"page","link":"https:\/\/www.ecom.de\/it\/wissen\/extrem-vorteilhaft\/","title":{"rendered":"ESTREMAMENTE vantaggioso"},"content":{"rendered":"<div class=\"wpb-content-wrapper\"><p>[vc_row el_class=&#8221;vc-centered vc-text-centered vc-text-large&#8221;][vc_column][vc_column_text]<img loading=\"lazy\" decoding=\"async\" class=\"aligncenter size-medium wp-image-776\" src=\"https:\/\/www.ecom.de\/wp-content\/uploads\/2016\/02\/genau.png\" alt=\"EXTREM genau\" width=\"146\" height=\"146\" \/><\/p>\n<h1>ESTREMAMENTE preciso<\/h1>\n<p>La precisione di misura dei sensori di gas (CO, NO, SO<sub>2<\/sub>) viene determinata e poi regolata in una camera di calibrazione riscaldata a 5, 20 e 40\u00b0C di temperatura ambiente e alimentata contemporaneamente da gas di calibrazione normalizzati. La sovrapressione e la bassa pressione sono bilanciate da canali di gas dal design speciale. I sensori di pressione di alto valore forniscono un risultato di misura perfetto. I risultati di misura prodotti dagli strumenti ecom sono, indipendentemente dai possibili fattori di interferenza, estremamente precisi.[\/vc_column_text][\/vc_column][\/vc_row][vc_row el_class=&#8221;vc-centered vc-text-centered vc-text-large&#8221;][vc_column][vc_column_text css=&#8221;&#8221;]<img loading=\"lazy\" decoding=\"async\" class=\"aligncenter wp-image-790 size-full\" src=\"https:\/\/www.ecom.de\/wp-content\/uploads\/2016\/02\/effizient.png\" alt=\"Piktogramm Stoppuhr, Symbolbild f\u00fcr Effizienz\" width=\"124\" height=\"147\" \/><\/p>\n<h1>ESTREMAMENTE efficiente<\/h1>\n<p>Il tempo \u00e8 denaro: Questo vale anche quando si possono risparmiare secondi o addirittura minuti per ciascuna delle molte misurazioni effettuate all&#8217;anno. Con una portata di gas fino a cinque volte superiore (2,6 litri\/minuto) rispetto agli analizzatori attuali, gli analizzatori di fumi ecom forniscono risultati di misura pi\u00f9 rapidi. I misuratori di pressione ecom determinano anche il tasso di perdita in pochi minuti: ESTREMAMENTE efficienti.[\/vc_column_text][\/vc_column][\/vc_row][vc_row el_class=&#8221;vc-centered vc-text-centered vc-text-large&#8221;][vc_column][vc_column_text css=&#8221;&#8221;]<img loading=\"lazy\" decoding=\"async\" class=\"aligncenter wp-image-794 size-full\" src=\"https:\/\/www.ecom.de\/wp-content\/uploads\/2016\/02\/robust-1.png\" alt=\"Piktogramm Football Helm, Symbolbild Robustheit\" width=\"146\" height=\"137\" \/><\/p>\n<h1>ESTREMAMENTE robusto<\/h1>\n<p>Guscio rigido (custodia da trasporto con telaio in alluminio o custodia rigida). Nucleo pi\u00f9 resistente! Quasi tutti gli strumenti ecom sono inseriti in un involucro di alluminio ultraleggero e sono quindi protetti in modo ottimale da eventuali urti esterni. Nell&#8217;uso quotidiano in condizioni ambientali difficili, gli strumenti ecom sono ESTREMAMENTE robusti.[\/vc_column_text][\/vc_column][\/vc_row][vc_row el_class=&#8221;vc-centered vc-text-centered vc-text-large&#8221;][vc_column][vc_column_text css=&#8221;&#8221;]<img loading=\"lazy\" decoding=\"async\" class=\"aligncenter wp-image-795 size-full\" src=\"https:\/\/www.ecom.de\/wp-content\/uploads\/2016\/02\/sicher.png\" alt=\"Piktogramm von einem Schloss mit Haken darauf\" width=\"110\" height=\"146\" \/><\/p>\n<h1>ESTREMAMENTE sicuri<\/h1>\n<p>Il sistema di monitoraggio della condensa protegge dall&#8217;umidit\u00e0. Lo spegnimento automatico del CO (spurgo del sensore di CO con aria fresca) senza interruzione della misura garantisce la longevit\u00e0 del sensore di CO.<\/p>\n<p>Gli strumenti di pressione ecom guidano &#8211; soprattutto attraverso i controlli di sicurezza della pressione &#8211; passo dopo passo la misura e monitorano le condizioni generali. Gli utenti devono concentrarsi sul lavoro che devono svolgere, nient&#8217;altro. Pertanto, gli strumenti ecom sono ESTREMAMENTE sicuri.[\/vc_column_text][\/vc_column][\/vc_row][vc_row el_class=&#8221;vc-centered vc-text-centered vc-text-large&#8221;][vc_column][vc_column_text css=&#8221;&#8221;]<img loading=\"lazy\" decoding=\"async\" class=\"aligncenter wp-image-797 size-full\" src=\"https:\/\/www.ecom.de\/wp-content\/uploads\/2016\/02\/reichweitenstark.png\" alt=\"Piktogramm Satellit, Symbolbild f\u00fcr Reichweitenst\u00e4rke\" width=\"146\" height=\"147\" \/><\/p>\n<h1>ESTREMAMENTE potenti in portata<\/h1>\n<p>Gli strumenti ecom comunicano senza fili: via Bluetooth, via WiFi (copertura pi\u00f9 elevata, connessione pi\u00f9 stabile) e via radio (copertura pi\u00f9 elevata e connessione pi\u00f9 stabile). Possono quindi essere monitorati con comandi remoti (via Bluetooth e monitor remoto ecom-R; via radio o via smartphone). I dati possono essere trasferiti a un PC e a uno smartphone. Le applicazioni (Android + iOS per il trasferimento WiFi) e il PC sono praticamente gratuiti e disponibili per il download. Estremamente potenti in portata.<\/p>\n<div id=\"alttextotron-viewer-layer\" style=\"z-index: 2; position: absolute; top: 0px; left: 0px; pointer-events: none;\">\n<div style=\"color: #ffff44; box-sizing: border-box; position: absolute; top: 1360.8px; left: 352.6px; padding: 5px; background: rgba(0, 0, 0, 0.8); font-family: monospace; font-size: 12px; pointer-events: none; width: 146px; min-width: 75px; z-index: 2;\">Empty alt attribute<\/div>\n<\/div>\n<p>[\/vc_column_text][\/vc_column][\/vc_row][vc_row el_class=&#8221;vc-centered vc-text-centered vc-text-large&#8221;][vc_column][vc_column_text]<img loading=\"lazy\" decoding=\"async\" class=\"aligncenter wp-image-798 size-full\" src=\"https:\/\/www.ecom.de\/wp-content\/uploads\/2016\/02\/umfangreich.png\" alt=\"\" width=\"99\" height=\"147\" \/><\/p>\n<h1>ESTREMAMENTE completo<\/h1>\n<p>ecom \u00e8 sinonimo di prestazione. Gli strumenti ecom sono progettati e offerti in un pacchetto completo, pronto per la misurazione (strumento, sonda di campionamento e tubi, custodia). Inoltre, coprono la carta per stampanti e i filtri per le prime settimane e i primi mesi. Inoltre, una preziosa tracolla per il trasporto. Infine, il software per PC e le applicazioni sono gratuiti. ESTREMAMENTE completo.[\/vc_column_text][\/vc_column][\/vc_row][vc_row el_class=&#8221;vc-centered vc-text-centered vc-text-large&#8221;][vc_column][vc_column_text css=&#8221;&#8221;]<img loading=\"lazy\" decoding=\"async\" class=\"aligncenter wp-image-800 size-full\" src=\"https:\/\/www.ecom.de\/wp-content\/uploads\/2016\/02\/verlustfrei.png\" alt=\"Piktogramm Schlauch, Symbolbild f\u00fcr Verlustfreiheit\" width=\"146\" height=\"147\" \/><\/p>\n<h1>ESTREMAMENTE privi di perdite<\/h1>\n<p>Alcuni gas, come NO<sub>2<\/sub> e SO<sub>2<\/sub> sono estremamente solubili in acqua. La condensa si forma durante il campionamento quando il gas si raffredda e si raggiunge il punto di rugiada. Per poter misurare l&#8217;intera concentrazione, il cosiddetto tubo NO<sub>x<\/sub>\/SO<sub>x<\/sub> offre due vantaggi decisivi: il diametro pi\u00f9 piccolo consente un trasporto pi\u00f9 rapido del gas campionato e il manicotto interno in PTFE impedisce all&#8217;umidit\u00e0 di depositarsi. In questo modo il trasporto del gas \u00e8 ESTREMAMENTE privo di perdite.[\/vc_column_text][\/vc_column][\/vc_row][vc_row el_class=&#8221;vc-centered vc-text-centered vc-text-large&#8221;][vc_column][vc_column_text]<img loading=\"lazy\" decoding=\"async\" class=\"aligncenter wp-image-801 size-full\" src=\"https:\/\/www.ecom.de\/wp-content\/uploads\/2016\/02\/kuehl.png\" alt=\"\" width=\"140\" height=\"147\" \/><\/p>\n<h1>ESTREMAMENTE fresco<\/h1>\n<p>Pi\u00f9 \u00e8 secco, meglio \u00e8: per l&#8217;analizzatore e i suoi componenti elettronici, per i sensori dello strumento, ma anche per i gas come NO<sub>2<\/sub> e SO<sub>2<\/sub> che sono estremamente solubili in acqua. Un raffreddatore di gas raffredda continuamente il gas campionato fino a 5\u00b0C &#8211; un processo che viene monitorato elettronicamente. La condensa raccolta pu\u00f2 essere evacuata automaticamente, a seconda del modello. ESTREMAMENTE secco = ESTREMAMENTE freddo.[\/vc_column_text][\/vc_column][\/vc_row]<\/p>\n<\/div>","protected":false},"excerpt":{"rendered":"<p>[vc_row el_class=&#8221;vc-centered vc-text-centered vc-text-large&#8221;][vc_column][vc_column_text] ESTREMAMENTE preciso La precisione di misura dei sensori di gas (CO, NO, SO2) viene determinata e poi regolata in una camera di calibrazione riscaldata a 5, 20 e 40\u00b0C di temperatura ambiente e alimentata contemporaneamente da gas di calibrazione normalizzati. La sovrapressione e la bassa pressione sono bilanciate da canali di [&hellip;]<\/p>\n","protected":false},"author":9,"featured_media":0,"parent":3821,"menu_order":0,"comment_status":"closed","ping_status":"closed","template":"page-templates\/Inhaltsseite.php","meta":{"_acf_changed":false,"footnotes":""},"class_list":["post-3822","page","type-page","status-publish","hentry"],"acf":[],"_links":{"self":[{"href":"https:\/\/www.ecom.de\/it\/wp-json\/wp\/v2\/pages\/3822","targetHints":{"allow":["GET"]}}],"collection":[{"href":"https:\/\/www.ecom.de\/it\/wp-json\/wp\/v2\/pages"}],"about":[{"href":"https:\/\/www.ecom.de\/it\/wp-json\/wp\/v2\/types\/page"}],"author":[{"embeddable":true,"href":"https:\/\/www.ecom.de\/it\/wp-json\/wp\/v2\/users\/9"}],"replies":[{"embeddable":true,"href":"https:\/\/www.ecom.de\/it\/wp-json\/wp\/v2\/comments?post=3822"}],"version-history":[{"count":10,"href":"https:\/\/www.ecom.de\/it\/wp-json\/wp\/v2\/pages\/3822\/revisions"}],"predecessor-version":[{"id":56016,"href":"https:\/\/www.ecom.de\/it\/wp-json\/wp\/v2\/pages\/3822\/revisions\/56016"}],"up":[{"embeddable":true,"href":"https:\/\/www.ecom.de\/it\/wp-json\/wp\/v2\/pages\/3821"}],"wp:attachment":[{"href":"https:\/\/www.ecom.de\/it\/wp-json\/wp\/v2\/media?parent=3822"}],"curies":[{"name":"wp","href":"https:\/\/api.w.org\/{rel}","templated":true}]}}