{"id":4462,"date":"2017-05-22T14:16:30","date_gmt":"2017-05-22T14:16:30","guid":{"rendered":"http:\/\/www.ecom.de\/startseite-neu\/"},"modified":"2024-09-12T16:59:45","modified_gmt":"2024-09-12T15:59:45","slug":"startseite-neu-2","status":"publish","type":"page","link":"https:\/\/www.ecom.de\/it\/","title":{"rendered":"Analisi fumi, misurazione di pressione, rilevamento fughe e molto altro da ecom GmbH"},"content":{"rendered":"<div class=\"wpb-content-wrapper\"><p>[vc_row][vc_column][vc_column_text]<\/p>\n<h1 style=\"text-align: center;\">Analisi fumi, misurazione di pressione, rilevamento fughe e molto altro da ecom GmbH<\/h1>\n<p>[\/vc_column_text][vc_row_inner][vc_column_inner width=&#8221;1\/2&#8243;][vc_column_text]Da oltre 30 anni, ecom \u00e8 sinonimo di dispositivi di misura innovativi e di alta qualit\u00e0 per l&#8217;analisi dei fumi, la misura di pressione, il rilevamento delle fughe gas e per la diagnostica dei bruciatori. Lo sviluppo e la produzione avvengono esclusivamente in Germania, in conformit\u00e0 agli standard pi\u00f9 recenti, alle normative vigenti e come risposta immediata alle esigenze dei clienti. Si pu\u00f2 quindi affermare che i prodotti venduti con il marchio ecom<sup>\u00ae<\/sup>, sono &#8220;Made in Germany&#8221;.<\/p>\n<p>Il nostro core business \u2013 l\u00b4analisi dei fumi- permette la regolazione ottimale degli impianti di combustione con conseguente riduzione del consumo di combustibile e dell&#8217;inquinamento ambientale.<\/p>\n<p>I nostri gruppi di utenti e clienti non comprendono solo spazzacamini e ingegneri del riscaldamento, ma anche l&#8217;intera industria di produzione di bruciatori e caldaie e le relative societ\u00e0 di servizi, le centrali di cogenerazione, ecc. Dopotutto, il risparmio energetico e la riduzione dei consumi sono un tema che interessa da tempo tutti i Paesi del mondo, vista la diminuzione delle risorse fossili.[\/vc_column_text][\/vc_column_inner][vc_column_inner width=&#8221;1\/2&#8243;][vc_column_text]Dietro ogni prodotto forte c&#8217;\u00e8 un team forte.<br \/>\nIn Germania, garantiamo un&#8217;assistenza ottimale in loco grazie al nostro team di venditori esterno, cos\u00ec come una consulenza specialistica sulle applicazioni attraverso il nostro team di venditori interno. Siamo inoltre attivi in tutto il mondo &#8211; in alcuni casi con filiali proprie &#8211; in quasi 40 Paesi.<\/p>\n<p>Fedeli allo slogan aziendale &#8220;Produciamo qualit\u00e0 della vita!&#8221;, la nostra filosofia consiste nel combinare una tecnologia di misura di alta qualit\u00e0 con funzioni e servizi intelligenti: i cicli di misura pi\u00f9 brevi, il funzionamento strutturato ed intuitivo dello strumento combinato ad un pacchetto di servizi completo che da oltre 30 anni sono sinonimo di soddisfazione dei clienti, a cui si garantisce il massimo livello della tecnologia di misura.[\/vc_column_text][\/vc_column_inner][\/vc_row_inner][\/vc_column][\/vc_row][vc_row full_width=&#8221;stretch_row&#8221; content_placement=&#8221;middle&#8221; css=&#8221;.vc_custom_1495539639790{background-color: #eeeeee !important;}&#8221;][vc_column][vc_row_inner][vc_column_inner][vc_column_text]<\/p>\n<h2>Soluzioni per diverse Applicazioni<\/h2>\n<p>[\/vc_column_text][\/vc_column_inner][\/vc_row_inner][vc_row_inner][vc_column_inner width=&#8221;1\/6&#8243;][vc_single_image image=&#8221;523&#8243; img_size=&#8221;full&#8221; onclick=&#8221;custom_link&#8221; css=&#8221;&#8221; link=&#8221;\/it\/anwendungcats\/heating\/&#8221;][\/vc_column_inner][vc_column_inner width=&#8221;2\/6&#8243;][vc_column_text]<\/p>\n<h3>Riscaldamento<\/h3>\n<p>Analizzatori fumi, manometri per la misura di pressione, rilevatori di fughe gas e molto altro per il settore HVAC, gli\u00a0 spazzacamini ed i Centri di Assistenza Tecnica nel settore del riscaldamento.<\/p>\n<p>Per lavori di controllo e regolazione al fine di ridurre le emissioni ed ottimare l\u00b4efficienza degli impianti di riscaldamento.[\/vc_column_text][\/vc_column_inner][vc_column_inner width=&#8221;1\/6&#8243;][vc_single_image image=&#8221;524&#8243; img_size=&#8221;full&#8221; onclick=&#8221;custom_link&#8221; css=&#8221;&#8221; link=&#8221;\/it\/anwendungcats\/combustion\/&#8221;][\/vc_column_inner][vc_column_inner width=&#8221;2\/6&#8243;][vc_column_text]<\/p>\n<h3>Combustione<\/h3>\n<p>Tecnologia di misura per applicazioni di combustione (come ad esempio bruciatori gas, bruciatori ad olio, bruciatori LowNO<sub>x<\/sub>, bruciatori FLOX, bruciatori grandi, caldaie grandi, forni industriali, impianti di combustione a biomassa o a legna).<br \/>\nAnalizzatori fumi, manometri per la misura di pressione, rilevatori di fughe gas e molto altro per lavori di controllo e di regolazione su bruciatori e grandi impianti di combustione al fine di ridurre le emissioni, rendere pi\u00f9 efficiente il processo di combustione di modo pi\u00f9 efficace e ottimare il processo termico.[\/vc_column_text][\/vc_column_inner][\/vc_row_inner][vc_row_inner][vc_column_inner width=&#8221;1\/6&#8243;][vc_single_image image=&#8221;183&#8243; img_size=&#8221;full&#8221; onclick=&#8221;custom_link&#8221; css=&#8221;&#8221; link=&#8221;\/it\/anwendungcats\/industry\/&#8221;][\/vc_column_inner][vc_column_inner width=&#8221;2\/6&#8243;][vc_column_text]<\/p>\n<h3>Industria<\/h3>\n<p>Analizzatori fumi, manometri per la misura di pressione, rilevatori di fughe gas e molto altro per la preparazione alla misura perfetta di gas idrosolubili (ad esempio NO<sub>2<\/sub> e SO<sub>2<\/sub>) nelle applicazioni industriali (come ad esempio la lavorazione dell\u00b4alluminio, la cokeria, la lavorazione del cemento, centrali elettriche, raffinerie, inceneritori di rifiuti).[\/vc_column_text][\/vc_column_inner][vc_column_inner width=&#8221;1\/6&#8243;][vc_single_image image=&#8221;525&#8243; img_size=&#8221;full&#8221; onclick=&#8221;custom_link&#8221; css=&#8221;&#8221; link=&#8221;\/it\/anwendungcats\/engines\/&#8221;][\/vc_column_inner][vc_column_inner width=&#8221;2\/6&#8243;][vc_column_text]<\/p>\n<h3>Motori<\/h3>\n<p>Analizzatori fumi, manometri per la misura di pressione, rilevatori di fughe gas e molto altro per motori, impianti di cogenerazione o turbine (come ad esempio motori a gas, impianti di cogenerazione, motori a biogas, turbine a gas, motori diesel, compressione e decompressione gas, cogenerazione\u2026).<br \/>\nPer lavori di controllo e di regolazione ad esempio prima di mettere in servizio motori a gas, impianti di cogenerazione, ecc. e per la misura perfetta di gas idrosolubili come l&#8217;ossido di azoto- specialmente raccomandato per la misura di NO<sub>x<\/sub>.[\/vc_column_text][\/vc_column_inner][\/vc_row_inner][\/vc_column][\/vc_row][vc_row][vc_column][vc_row_inner][vc_column_inner width=&#8221;1\/2&#8243;][vc_column_text]<\/p>\n<h2>Soluzioni per tipo di Strumento<\/h2>\n<p>Tecnologia di misura a livello elevatissimo \u2013 da ecom.[\/vc_column_text][\/vc_column_inner][vc_column_inner width=&#8221;1\/2&#8243;][vc_column_text]<a href=\"https:\/\/www.ecom.de\/it\/productcats\/abgasanalyse\/\">Strumento maneggevole o compatto?<\/a><br \/>\n<a href=\"https:\/\/www.ecom.de\/it\/productcats\/\">Misurazione dei fumi o controllo della pressione?<\/a><br \/>\n<a href=\"https:\/\/www.ecom.de\/it\/productcats\/\">Localizzazione di fughe o diagnosi di disturbi?<\/a><br \/>\n<a href=\"https:\/\/www.ecom.de\/it\/anwendungcats\/\">Misura su impianti di riscaldamento, motori o grandi bruciatori?<\/a><br \/>\n<a href=\"https:\/\/www.ecom.de\/it\/anwendungcats\/\">Gas, olio e\/o combustibili solidi?<\/a><br \/>\n<a href=\"https:\/\/www.ecom.de\/it\/kontakt\/online-anfrage\/\">Altri componenti gas?<\/a><\/p>\n<h5>Scopri di pi\u00f9!<\/h5>\n<p>[\/vc_column_text][\/vc_column_inner][\/vc_row_inner][\/vc_column][\/vc_row]<\/p>\n<\/div>","protected":false},"excerpt":{"rendered":"<p>[vc_row][vc_column][vc_column_text] Analisi fumi, misurazione di pressione, rilevamento fughe e molto altro da ecom GmbH [\/vc_column_text][vc_row_inner][vc_column_inner width=&#8221;1\/2&#8243;][vc_column_text]Da oltre 30 anni, ecom \u00e8 sinonimo di dispositivi di misura innovativi e di alta qualit\u00e0 per l&#8217;analisi dei fumi, la misura di pressione, il rilevamento delle fughe gas e per la diagnostica dei bruciatori. Lo sviluppo e la produzione [&hellip;]<\/p>\n","protected":false},"author":9,"featured_media":0,"parent":0,"menu_order":0,"comment_status":"closed","ping_status":"closed","template":"page-templates\/startseite_new.php","meta":{"_acf_changed":false,"footnotes":""},"class_list":["post-4462","page","type-page","status-publish","hentry"],"acf":[],"_links":{"self":[{"href":"https:\/\/www.ecom.de\/it\/wp-json\/wp\/v2\/pages\/4462","targetHints":{"allow":["GET"]}}],"collection":[{"href":"https:\/\/www.ecom.de\/it\/wp-json\/wp\/v2\/pages"}],"about":[{"href":"https:\/\/www.ecom.de\/it\/wp-json\/wp\/v2\/types\/page"}],"author":[{"embeddable":true,"href":"https:\/\/www.ecom.de\/it\/wp-json\/wp\/v2\/users\/9"}],"replies":[{"embeddable":true,"href":"https:\/\/www.ecom.de\/it\/wp-json\/wp\/v2\/comments?post=4462"}],"version-history":[{"count":9,"href":"https:\/\/www.ecom.de\/it\/wp-json\/wp\/v2\/pages\/4462\/revisions"}],"predecessor-version":[{"id":63474,"href":"https:\/\/www.ecom.de\/it\/wp-json\/wp\/v2\/pages\/4462\/revisions\/63474"}],"wp:attachment":[{"href":"https:\/\/www.ecom.de\/it\/wp-json\/wp\/v2\/media?parent=4462"}],"curies":[{"name":"wp","href":"https:\/\/api.w.org\/{rel}","templated":true}]}}